{"id":33378,"date":"2025-08-13T18:19:46","date_gmt":"2025-08-13T17:19:46","guid":{"rendered":"https:\/\/www.nuttdesign.si\/about-copy\/"},"modified":"2026-02-27T13:55:15","modified_gmt":"2026-02-27T12:55:15","slug":"piskotki","status":"publish","type":"page","link":"https:\/\/www.mizarstvo-rokavec.si\/en\/piskotki\/","title":{"rendered":"Pi\u0161kotki"},"content":{"rendered":"<div data-elementor-type=\"wp-page\" data-elementor-id=\"33378\" class=\"elementor elementor-33378\" data-elementor-post-type=\"page\">\n\t\t\t\t\t\t<section class=\"elementor-section elementor-top-section elementor-element elementor-element-d0b9730 elementor-section-boxed elementor-section-height-default elementor-section-height-default elementor-invisible\" data-id=\"d0b9730\" data-element_type=\"section\" data-settings=\"{&quot;jet_parallax_layout_list&quot;:[],&quot;animation&quot;:&quot;fadeIn&quot;}\">\n\t\t\t\t\t\t<div class=\"elementor-container elementor-column-gap-default\">\n\t\t\t\t\t<div class=\"elementor-column elementor-col-100 elementor-top-column elementor-element elementor-element-8a7b21d\" data-id=\"8a7b21d\" data-element_type=\"column\">\n\t\t\t<div class=\"elementor-widget-wrap elementor-element-populated\">\n\t\t\t\t\t\t<div class=\"elementor-element elementor-element-9aa5096 elementor-widget elementor-widget-heading\" data-id=\"9aa5096\" data-element_type=\"widget\" data-widget_type=\"heading.default\">\n\t\t\t\t<div class=\"elementor-widget-container\">\n\t\t\t<h2 class=\"elementor-heading-title elementor-size-default\">Pi\u0161kotki<\/h2>\t\t<\/div>\n\t\t\t\t<\/div>\n\t\t\t\t<div class=\"elementor-element elementor-element-6ce37fb elementor-widget elementor-widget-text-editor\" data-id=\"6ce37fb\" data-element_type=\"widget\" data-widget_type=\"text-editor.default\">\n\t\t\t\t<div class=\"elementor-widget-container\">\n\t\t\t\t\t\t\t<div class=\"elementor-widget-container\"><p>Pi\u0161kotki so besedilne datoteke, ki jih na va\u0161 ra\u010dunalnik nalo\u017ei spletni stre\u017enik. Pi\u0161kotki ne vsebujejo nobenih podatkov s katerimi bi lahko ugotovili va\u0161o identiteto. S pomo\u010djo pi\u0161kotkov stre\u017enik ve, da ste se vrnili na spletno stran, kar lahko s pridom izkoristimo za prilagoditev spletnega mesta uporabniku.<\/p><p>Ve\u010dina brskalnikov pi\u0161kotke samodejno sprejema. \u010ce jih ne \u017eelite sprejemati ali pa \u017eelite, da ste obve\u0161\u010deni preden se pi\u0161kotek nalo\u017ei na va\u0161 ra\u010dunalnik lahko to dolo\u010dite v nastavitvah brskalnika.<\/p><p>Oglas\u030cevalski pis\u030ckotki spremljajo posameznikovo uporabo spletne strani ponudnika, razen c\u030ce se posameznik z uporabo pis\u030ckotkov na strani ne strinja.<\/p><p>Uporabo pi\u0161kotkov v Evropski uniji (EU) dolo\u010da Direktiva o zasebnosti in elektronskih komunikacijah 2002\/58\/ES, katere \u010dlen, ki se nana\u0161a na pi\u0161kotke in podobne tehnologije, je bil spremenjen z Direktivo 136\/2009.<\/p><p>V slovenski zakonodaji uporabo pi\u0161kotkov dolo\u010da Zakon o elektronskih komunikacijah oziroma ZEKom-1 (Uradni list \u0161t. 109\/2012), katerega 157. \u010dlen predstavlja pravno osnovo za skrb za zasebnost uporabnikov spleta.<\/p><p>Spletna stran<b>\u00a0<\/b>za delovanje strani uporablja pi\u0161kotke, ki ne hranijo osebnih podatkov, spremljajo pa aktivnosti obiskovalcev in zanimanje z namenom zagotavljanja bolj\u0161e uporabni\u0161ke izku\u0161nje. Z uporabo spletne strani obiskovalci sogla\u0161ajo z njihovo uporabo.<\/p><\/div><div class=\"elementor-element elementor-element-9a37bc2 elementor-widget elementor-widget-text-editor\" data-id=\"9a37bc2\" data-element_type=\"widget\" data-widget_type=\"text-editor.default\"><div class=\"elementor-widget-container\"><div class=\"wpb_text_column wpb_content_element\"><div class=\"wpb_wrapper\"><p class=\"plain\"><strong>Kako upravljati pi\u0161kotke na osebnem ra\u010dunalniku\u00a0<\/strong><\/p><p>\u010ce \u017eelite onemogo\u010diti pi\u0161kotke na\u0161e spletne strani, sledite spodnjim korakom.<\/p><\/div><\/div><\/div><\/div><div class=\"elementor-element elementor-element-72b9a36 elementor-widget elementor-widget-text-editor\" data-id=\"72b9a36\" data-element_type=\"widget\" data-widget_type=\"text-editor.default\"><div class=\"elementor-widget-container\"><div class=\"wpb_text_column wpb_content_element\"><div class=\"wpb_wrapper\"><ol><li><p><strong>Google Chrome:<\/strong><\/p><ul><li>Odprite brskalnik Google Chrome.<\/li><li>Kliknite na tri pike v zgornjem desnem kotu okna (nad oknom za brskanje).<\/li><li>Izberite \u201cNastavitve\u201d.<\/li><li>Pomaknite se navzdol in kliknite na \u201cNapredne\u201d.<\/li><li>Pod razdelkom \u201cZasebnost in varnost\u201d kliknite na \u201cNastavitve vsebine\u201d.<\/li><li>Izberite \u201cPi\u0161kotki\u201d.<\/li><li>Preklopite stikalo na \u201cBlokiraj\u201d za onemogo\u010danje pi\u0161kotkov.<br \/><br \/><\/li><\/ul><\/li><li><p><strong>Mozilla Firefox:<\/strong><\/p><ul><li>Odprite brskalnik Mozilla Firefox.<\/li><li>Kliknite na tri \u010drte v zgornjem desnem kotu okna (nad oknom za brskanje).<\/li><li>Izberite \u201cNastavitve\u201d.<\/li><li>Pomaknite se do razdelka \u201cZasebnost &amp; varnost\u201d.<\/li><li>V razdelku \u201cZgodovina\u201d izberite \u201cUporabi nastavitve po meri za zgodovino\u201d.<\/li><li>Ozna\u010dite polje \u201cSprejmi pi\u0161kotke\u201d in izberite \u201cVedno\u201d iz padajo\u010dega menija, nato kliknite \u201cV redu\u201d.<br \/><br \/><\/li><\/ul><\/li><li><p><strong>Microsoft Edge:<\/strong><\/p><ul><li>Odprite brskalnik Microsoft Edge.<\/li><li>Kliknite na tri pike v zgornjem desnem kotu okna (nad oknom za brskanje).<\/li><li>Izberite \u201cNastavitve\u201d.<\/li><li>Pomaknite se navzdol in kliknite na \u201cOgledi vseh nastavitev\u201d.<\/li><li>Izberite \u201cZasebnost in storitve\u201d.<\/li><li>Pod \u201cPi\u0161kotki\u201d preklopite stikalo na \u201cOnemogo\u010di\u201d.<br \/><br \/><\/li><\/ul><\/li><li><p><strong>Apple Safari:<\/strong><\/p><ul><li>Odprite brskalnik Safari.<\/li><li>Kliknite na \u201cSafari\u201d v zgornji meni vrstici.<\/li><li>Izberite \u201cNastavitve\u201d.<\/li><li>Kliknite na \u201cZasebnost\u201d.<\/li><li>V razdelku \u201cPi\u0161kotki in podatki spletnih mest\u201d izberite \u201cVedno blokiraj\u201d.<\/li><\/ul><\/li><\/ol><p>Po izvedbi teh korakov boste onemogo\u010dili pi\u0161kotke v izbranem brskalniku na va\u0161em osebnem ra\u010dunalniku. Upo\u0161tevajte, da bo onemogo\u010danje pi\u0161kotkov lahko vplivalo na izku\u0161njo brskanja na spletnem mestu.<\/p><\/div><\/div><\/div><\/div>\t\t\t\t\t\t<\/div>\n\t\t\t\t<\/div>\n\t\t\t\t<div class=\"elementor-element elementor-element-da3af0e elementor-widget-divider--view-line elementor-widget elementor-widget-divider\" data-id=\"da3af0e\" data-element_type=\"widget\" data-widget_type=\"divider.default\">\n\t\t\t\t<div class=\"elementor-widget-container\">\n\t\t\t\t\t<div class=\"elementor-divider\">\n\t\t\t<span class=\"elementor-divider-separator\">\n\t\t\t\t\t\t<\/span>\n\t\t<\/div>\n\t\t\t\t<\/div>\n\t\t\t\t<\/div>\n\t\t\t\t<section class=\"elementor-section elementor-inner-section elementor-element elementor-element-bc4d283 elementor-section-full_width elementor-section-height-default elementor-section-height-default\" data-id=\"bc4d283\" data-element_type=\"section\" data-settings=\"{&quot;jet_parallax_layout_list&quot;:[]}\">\n\t\t\t\t\t\t<div class=\"elementor-container elementor-column-gap-default\">\n\t\t\t\t\t<div class=\"elementor-column elementor-col-100 elementor-inner-column elementor-element elementor-element-68ede27\" data-id=\"68ede27\" data-element_type=\"column\">\n\t\t\t<div class=\"elementor-widget-wrap elementor-element-populated\">\n\t\t\t\t\t\t<div class=\"elementor-element elementor-element-6055baf elementor-widget elementor-widget-text-editor\" data-id=\"6055baf\" data-element_type=\"widget\" data-widget_type=\"text-editor.default\">\n\t\t\t\t<div class=\"elementor-widget-container\">\n\t\t\t\t\t\t\t<div><div data-block-type=\"2\"><div><div><h3><span lang=\"EN-US\">Na\u010drtovanje<\/span><\/h3><p><!-- [if !supportLists]--><span lang=\"EN-US\" style=\"font-family: Symbol; mso-fareast-font-family: Symbol; mso-bidi-font-family: Symbol;\">\u00b7<span style=\"font: 7.0pt 'Times New Roman';\">\u00a0\u00a0\u00a0\u00a0\u00a0\u00a0 <\/span><\/span><span lang=\"EN-US\">Na\u010drtovanje stanovanjskih objektov, kot so hi\u0161e, stanovanjski bloki, kmetijski objekti in poslovni objekti<\/span><\/p><p><!-- [if !supportLists]--><span lang=\"EN-US\" style=\"font-family: Symbol; mso-fareast-font-family: Symbol; mso-bidi-font-family: Symbol;\">\u00b7<span style=\"font: 7.0pt 'Times New Roman';\">\u00a0\u00a0\u00a0\u00a0\u00a0\u00a0 <\/span><\/span><span lang=\"EN-US\">Prilagoditev obstoje\u010dih objektov z modernizacijo, prenovo ali dozidavami.<\/span><\/p><p><span lang=\"EN-US\"><span lang=\"EN-US\" style=\"font-variant-ligatures: normal; font-variant-caps: normal; font-family: Symbol; font-size: 15px; font-style: normal; font-weight: 400; letter-spacing: 1.6px;\">\u00b7<span style=\"font: 7pt 'Times New Roman';\">\u00a0\u00a0\u00a0\u00a0\u00a0\u00a0<\/span><\/span><span lang=\"EN-US\" style=\"font-variant-ligatures: normal; font-variant-caps: normal; font-family: futura, sans-serif; font-size: 15px; font-style: normal; font-weight: 400; letter-spacing: 1.6px;\">Podjetje dela na podro\u010dju Slovenije<\/span><\/span><\/p><h3><span lang=\"EN-US\">Projekt za izvedbo<\/span><\/h3><p><!-- [if !supportLists]--><span lang=\"EN-US\" style=\"font-family: Symbol; mso-fareast-font-family: Symbol; mso-bidi-font-family: Symbol;\">\u00b7<span style=\"font: 7.0pt 'Times New Roman';\">\u00a0 \u00a0 \u00a0<\/span><\/span><span lang=\"EN-US\">Priprava natan\u010dne tehni\u010dne dokumentacije, ki vklju\u010duje vse potrebne na\u010drte, detajle in specifikacije za izvedbo gradbenega projekta.<\/span><\/p><p><!-- [if !supportLists]--><span lang=\"EN-US\" style=\"font-family: Symbol; mso-fareast-font-family: Symbol; mso-bidi-font-family: Symbol;\">\u00b7<span style=\"font: 7.0pt 'Times New Roman';\"> \u00a0\u00a0\u00a0 <\/span><\/span><span lang=\"EN-US\">Uskladitev projektne dokumentacije z veljavnimi predpisi in zahtevami.<\/span><\/p><p><!-- [if !supportLists]--><span lang=\"EN-US\" style=\"font-family: Symbol; mso-fareast-font-family: Symbol; mso-bidi-font-family: Symbol;\">\u00b7<span style=\"font: 7.0pt 'Times New Roman';\"> \u00a0\u00a0\u00a0 <\/span><\/span><span lang=\"EN-US\">Svetovanje pri izvedbenih tehnikah, materialih in re\u0161itvah, da se zagotovi kakovostna gradnja.<\/span><\/p><h3><span lang=\"EN-US\">Counseling<\/span><\/h3><p><!-- [if !supportLists]--><span lang=\"EN-US\" style=\"font-family: Symbol; mso-fareast-font-family: Symbol; mso-bidi-font-family: Symbol;\">\u00b7<span style=\"font: 7.0pt 'Times New Roman';\"> \u00a0\u00a0\u00a0\u00a0\u00a0 <\/span><\/span><span lang=\"EN-US\">Pomo\u010d pri izbiri najustreznej\u0161ih materialov in opreme glede na specifi\u010dne zahteve projekta.<\/span><\/p><p><!-- [if !supportLists]--><span lang=\"EN-US\" style=\"font-family: Symbol; mso-fareast-font-family: Symbol; mso-bidi-font-family: Symbol;\">\u00b7<span style=\"font: 7.0pt 'Times New Roman';\"> \u00a0\u00a0\u00a0\u00a0\u00a0 <\/span><\/span><span lang=\"EN-US\">Priprava idejnih re\u0161itev za maksimizacijo funkcionalnosti in estetike prostora.<\/span><\/p><p><!-- [if !supportLists]--><span lang=\"EN-US\" style=\"font-family: Symbol; mso-fareast-font-family: Symbol; mso-bidi-font-family: Symbol;\">\u00b7<span style=\"font: 7.0pt 'Times New Roman';\"> \u00a0\u00a0\u00a0\u00a0\u00a0 <\/span><\/span><span lang=\"EN-US\">Izdelava predlogov za optimizacijo stro\u0161kov in izbolj\u0161anje trajnosti gradnje.<\/span><\/p><\/div><\/div><\/div><\/div>\t\t\t\t\t\t<\/div>\n\t\t\t\t<\/div>\n\t\t\t\t\t<\/div>\n\t\t<\/div>\n\t\t\t\t\t<\/div>\n\t\t<\/section>\n\t\t\t\t\t<\/div>\n\t\t<\/div>\n\t\t\t\t\t<\/div>\n\t\t<\/section>\n\t\t\t\t<\/div>","protected":false},"excerpt":{"rendered":"<p>Pi\u0161kotki so besedilne datoteke, ki jih na va\u0161 ra\u010dunalnik nalo\u017ei spletni stre\u017enik. Pi\u0161kotki ne vsebujejo nobenih podatkov s katerimi bi lahko ugotovili va\u0161o identiteto. S pomo\u010djo pi\u0161kotkov stre\u017enik ve, da ste se vrnili na spletno stran, kar lahko s pridom izkoristimo za prilagoditev spletnega mesta uporabniku. Ve\u010dina brskalnikov pi\u0161kotke samodejno sprejema. \u010ce jih ne \u017eelite [&hellip;]<\/p>","protected":false},"author":1,"featured_media":0,"parent":0,"menu_order":0,"comment_status":"closed","ping_status":"closed","template":"elementor_header_footer","meta":{"_seopress_robots_primary_cat":"","_seopress_titles_title":"","_seopress_titles_desc":"","_seopress_robots_index":"","footnotes":""},"class_list":["post-33378","page","type-page","status-publish","hentry","entry"],"_links":{"self":[{"href":"https:\/\/www.mizarstvo-rokavec.si\/en\/wp-json\/wp\/v2\/pages\/33378","targetHints":{"allow":["GET"]}}],"collection":[{"href":"https:\/\/www.mizarstvo-rokavec.si\/en\/wp-json\/wp\/v2\/pages"}],"about":[{"href":"https:\/\/www.mizarstvo-rokavec.si\/en\/wp-json\/wp\/v2\/types\/page"}],"author":[{"embeddable":true,"href":"https:\/\/www.mizarstvo-rokavec.si\/en\/wp-json\/wp\/v2\/users\/1"}],"replies":[{"embeddable":true,"href":"https:\/\/www.mizarstvo-rokavec.si\/en\/wp-json\/wp\/v2\/comments?post=33378"}],"version-history":[{"count":0,"href":"https:\/\/www.mizarstvo-rokavec.si\/en\/wp-json\/wp\/v2\/pages\/33378\/revisions"}],"wp:attachment":[{"href":"https:\/\/www.mizarstvo-rokavec.si\/en\/wp-json\/wp\/v2\/media?parent=33378"}],"curies":[{"name":"wp","href":"https:\/\/api.w.org\/{rel}","templated":true}]}}