{"id":33054,"date":"2024-12-19T17:22:43","date_gmt":"2024-12-19T17:22:43","guid":{"rendered":"https:\/\/www.ivh10.si\/Ponudbe\/nutdesign\/about-copy\/"},"modified":"2026-01-09T20:09:10","modified_gmt":"2026-01-09T19:09:10","slug":"kontakt","status":"publish","type":"page","link":"https:\/\/www.mizarstvo-rokavec.si\/en\/kontakt\/","title":{"rendered":"Contact"},"content":{"rendered":"<div data-elementor-type=\"wp-page\" data-elementor-id=\"33054\" class=\"elementor elementor-33054\" data-elementor-post-type=\"page\">\n\t\t\t\t\t\t<section class=\"elementor-section elementor-top-section elementor-element elementor-element-17e2eb1 elementor-section-height-min-height elementor-section-items-top elementor-section-boxed elementor-section-height-default\" data-id=\"17e2eb1\" data-element_type=\"section\" data-settings=\"{&quot;jet_parallax_layout_list&quot;:[]}\">\n\t\t\t\t\t\t<div class=\"elementor-container elementor-column-gap-default\">\n\t\t\t\t\t<div class=\"elementor-column elementor-col-33 elementor-top-column elementor-element elementor-element-ce0f01e\" data-id=\"ce0f01e\" data-element_type=\"column\">\n\t\t\t<div class=\"elementor-widget-wrap elementor-element-populated\">\n\t\t\t\t\t\t<div class=\"elementor-element elementor-element-429ccfb elementor-widget elementor-widget-image\" data-id=\"429ccfb\" data-element_type=\"widget\" data-widget_type=\"image.default\">\n\t\t\t\t<div class=\"elementor-widget-container\">\n\t\t\t\t\t\t\t\t\t\t\t\t\t<img fetchpriority=\"high\" decoding=\"async\" width=\"1024\" height=\"575\" src=\"https:\/\/www.mizarstvo-rokavec.si\/wp-content\/uploads\/2021\/02\/logo_rokavec-1024x575.png\" class=\"attachment-large size-large wp-image-34777\" alt=\"logo rokavec\" srcset=\"https:\/\/www.mizarstvo-rokavec.si\/wp-content\/uploads\/2021\/02\/logo_rokavec-1024x575.png 1024w, https:\/\/www.mizarstvo-rokavec.si\/wp-content\/uploads\/2021\/02\/logo_rokavec-300x168.png 300w, https:\/\/www.mizarstvo-rokavec.si\/wp-content\/uploads\/2021\/02\/logo_rokavec-768x431.png 768w, https:\/\/www.mizarstvo-rokavec.si\/wp-content\/uploads\/2021\/02\/logo_rokavec-1536x863.png 1536w, https:\/\/www.mizarstvo-rokavec.si\/wp-content\/uploads\/2021\/02\/logo_rokavec-18x10.png 18w, https:\/\/www.mizarstvo-rokavec.si\/wp-content\/uploads\/2021\/02\/logo_rokavec-800x450.png 800w, https:\/\/www.mizarstvo-rokavec.si\/wp-content\/uploads\/2021\/02\/logo_rokavec.png 2048w\" sizes=\"(max-width: 1024px) 100vw, 1024px\" \/>\t\t\t\t\t\t\t\t\t\t\t\t\t<\/div>\n\t\t\t\t<\/div>\n\t\t\t\t\t<\/div>\n\t\t<\/div>\n\t\t\t\t<div class=\"elementor-column elementor-col-33 elementor-top-column elementor-element elementor-element-59f4449\" data-id=\"59f4449\" data-element_type=\"column\">\n\t\t\t<div class=\"elementor-widget-wrap elementor-element-populated\">\n\t\t\t\t\t\t<div class=\"elementor-element elementor-element-6ce37fb elementor-widget elementor-widget-text-editor\" data-id=\"6ce37fb\" data-element_type=\"widget\" data-widget_type=\"text-editor.default\">\n\t\t\t\t<div class=\"elementor-widget-container\">\n\t\t\t\t\t\t\t<p>Mizarstvo Rokavec \u2013 Kakr\u0161enkoli kos pohi\u0161tva potrebujete, z veseljem vam bomo pri tem pomagali.<\/p>\t\t\t\t\t\t<\/div>\n\t\t\t\t<\/div>\n\t\t\t\t<div class=\"elementor-element elementor-element-ef0e0e5 elementor-widget__width-auto elementor-align-left elementor-icon-list--layout-traditional elementor-list-item-link-full_width elementor-widget elementor-widget-icon-list\" data-id=\"ef0e0e5\" data-element_type=\"widget\" data-widget_type=\"icon-list.default\">\n\t\t\t\t<div class=\"elementor-widget-container\">\n\t\t\t\t\t<ul class=\"elementor-icon-list-items\">\n\t\t\t\t\t\t\t<li class=\"elementor-icon-list-item\">\n\t\t\t\t\t\t\t\t\t\t<span class=\"elementor-icon-list-text\">040 477 630<\/span>\n\t\t\t\t\t\t\t\t\t<\/li>\n\t\t\t\t\t\t\t\t<li class=\"elementor-icon-list-item\">\n\t\t\t\t\t\t\t\t\t\t\t<a href=\"mailto:mizarstvo_rokavec@siol.net\">\n\n\t\t\t\t\t\t\t\t\t\t\t<span class=\"elementor-icon-list-text\">mizarstvo_rokavec@siol.net<\/span>\n\t\t\t\t\t\t\t\t\t\t\t<\/a>\n\t\t\t\t\t\t\t\t\t<\/li>\n\t\t\t\t\t\t\t\t<li class=\"elementor-icon-list-item\">\n\t\t\t\t\t\t\t\t\t\t<span class=\"elementor-icon-list-text\">\u0160emnik 49, Izlake, Slovenia, 1411<\/span>\n\t\t\t\t\t\t\t\t\t<\/li>\n\t\t\t\t\t\t<\/ul>\n\t\t\t\t<\/div>\n\t\t\t\t<\/div>\n\t\t\t\t<div class=\"elementor-element elementor-element-706423f elementor-widget elementor-widget-google_maps\" data-id=\"706423f\" data-element_type=\"widget\" data-widget_type=\"google_maps.default\">\n\t\t\t\t<div class=\"elementor-widget-container\">\n\t\t\t\t\t<div class=\"elementor-custom-embed\">\n\t\t\t<iframe loading=\"lazy\"\n\t\t\t\t\tsrc=\"https:\/\/maps.google.com\/maps?q=%C5%A0emnik%2049%2C%20Izlake%2C%20Slovenia%2C%201411&#038;t=m&#038;z=6&#038;output=embed&#038;iwloc=near\"\n\t\t\t\t\ttitle=\"\u0160emnik 49, Izlake, Slovenia, 1411\"\n\t\t\t\t\taria-label=\"\u0160emnik 49, Izlake, Slovenia, 1411\"\n\t\t\t><\/iframe>\n\t\t<\/div>\n\t\t\t\t<\/div>\n\t\t\t\t<\/div>\n\t\t\t\t\t<\/div>\n\t\t<\/div>\n\t\t\t\t<div class=\"elementor-column elementor-col-33 elementor-top-column elementor-element elementor-element-bd391d2\" data-id=\"bd391d2\" data-element_type=\"column\" data-settings=\"{&quot;background_background&quot;:&quot;classic&quot;}\">\n\t\t\t<div class=\"elementor-widget-wrap elementor-element-populated\">\n\t\t\t\t\t\t<div class=\"elementor-element elementor-element-85bdde9 elementor-widget elementor-widget-spacer\" data-id=\"85bdde9\" data-element_type=\"widget\" data-widget_type=\"spacer.default\">\n\t\t\t\t<div class=\"elementor-widget-container\">\n\t\t\t\t\t<div class=\"elementor-spacer\">\n\t\t\t<div class=\"elementor-spacer-inner\"><\/div>\n\t\t<\/div>\n\t\t\t\t<\/div>\n\t\t\t\t<\/div>\n\t\t\t\t\t<\/div>\n\t\t<\/div>\n\t\t\t\t\t<\/div>\n\t\t<\/section>\n\t\t\t\t<\/div>","protected":false},"excerpt":{"rendered":"<p>Mizarstvo Rokavec \u2013 Kakr\u0161enkoli kos pohi\u0161tva potrebujete, z veseljem vam bomo pri tem pomagali. 040 477 630 mizarstvo_rokavec@siol.net \u0160emnik 49, Izlake, Slovenia, 1411<\/p>","protected":false},"author":1,"featured_media":0,"parent":0,"menu_order":0,"comment_status":"closed","ping_status":"closed","template":"elementor_header_footer","meta":{"_seopress_robots_primary_cat":"","_seopress_titles_title":"","_seopress_titles_desc":"","_seopress_robots_index":"","footnotes":""},"class_list":["post-33054","page","type-page","status-publish","hentry","entry"],"_links":{"self":[{"href":"https:\/\/www.mizarstvo-rokavec.si\/en\/wp-json\/wp\/v2\/pages\/33054","targetHints":{"allow":["GET"]}}],"collection":[{"href":"https:\/\/www.mizarstvo-rokavec.si\/en\/wp-json\/wp\/v2\/pages"}],"about":[{"href":"https:\/\/www.mizarstvo-rokavec.si\/en\/wp-json\/wp\/v2\/types\/page"}],"author":[{"embeddable":true,"href":"https:\/\/www.mizarstvo-rokavec.si\/en\/wp-json\/wp\/v2\/users\/1"}],"replies":[{"embeddable":true,"href":"https:\/\/www.mizarstvo-rokavec.si\/en\/wp-json\/wp\/v2\/comments?post=33054"}],"version-history":[{"count":0,"href":"https:\/\/www.mizarstvo-rokavec.si\/en\/wp-json\/wp\/v2\/pages\/33054\/revisions"}],"wp:attachment":[{"href":"https:\/\/www.mizarstvo-rokavec.si\/en\/wp-json\/wp\/v2\/media?parent=33054"}],"curies":[{"name":"wp","href":"https:\/\/api.w.org\/{rel}","templated":true}]}}